{"id":132,"date":"2014-12-28T15:14:33","date_gmt":"2014-12-28T15:14:33","guid":{"rendered":"http:\/\/ttwaldhausen.bplaced.net\/wordpress\/?page_id=132"},"modified":"2019-10-11T06:46:14","modified_gmt":"2019-10-11T04:46:14","slug":"josef-gassner","status":"publish","type":"page","link":"https:\/\/ttwaldhausen.bplaced.net\/wordpress\/?page_id=132","title":{"rendered":"Josef Gassner"},"content":{"rendered":"<div id=\"wrapper\">\n<div id=\"steuerung\"><a href=\"http:\/\/ttwaldhausen.bplaced.net\/wordpress\/wp-content\/uploads\/2014\/12\/gassi.jpg\"><img loading=\"lazy\" decoding=\"async\" class=\"size-medium wp-image-2173 alignleft\" src=\"http:\/\/ttwaldhausen.bplaced.net\/wordpress\/wp-content\/uploads\/2014\/12\/gassi-200x300.jpg\" alt=\"gassi\" width=\"200\" height=\"300\" srcset=\"https:\/\/ttwaldhausen.bplaced.net\/wordpress\/wp-content\/uploads\/2014\/12\/gassi-200x300.jpg 200w, https:\/\/ttwaldhausen.bplaced.net\/wordpress\/wp-content\/uploads\/2014\/12\/gassi-682x1024.jpg 682w, https:\/\/ttwaldhausen.bplaced.net\/wordpress\/wp-content\/uploads\/2014\/12\/gassi.jpg 1525w\" sizes=\"auto, (max-width: 200px) 100vw, 200px\" \/><\/a><\/div>\n<div><\/div>\n<div id=\"zweite_spalte\">\n<h4><\/h4>\n<p><span style=\"text-decoration: underline;\">im Verein seit:<\/span> 10. Juni 1999<br \/>\n<span style=\"text-decoration: underline;\">Funktion<\/span> Spieler, Routinier und Unterst\u00fctzer bei Matches, Kindertrainer<\/p>\n<p>&nbsp;<\/p>\n<div><\/div>\n<p><span style=\"text-decoration: underline;\">gr\u00f6\u00dften Erfolge:<\/span><br \/>\n&#8211; 2009\/10 Vize-Meister mit A-Mannschaft in der Kreisklasse und Aufstieg in die Bezirksklasse<br \/>\n&#8211; 2008 2. bei den Bezirksmeisterschaften in Grein in der Kreisklasse<br \/>\n&#8211; 2007 Fu\u00dfball-Vereinsmeister<br \/>\n&#8211; 2004 3. bei den Bezirksmeisterschaften in Saxen in der Kreisklasse<br \/>\n&#8211; 2002\/03 Vize-Meister mit der A-Mannschaft in der 1. Klasse und Aufstieg in die Kreisklasse<\/p>\n<\/div>\n<\/div>\n","protected":false},"excerpt":{"rendered":"<p>im Verein seit: 10. Juni 1999 Funktion Spieler, Routinier und Unterst\u00fctzer bei Matches, Kindertrainer &nbsp; gr\u00f6\u00dften Erfolge: &#8211; 2009\/10 Vize-Meister mit A-Mannschaft in der Kreisklasse und Aufstieg in die Bezirksklasse &#8211; 2008 2. bei den Bezirksmeisterschaften in Grein in der Kreisklasse &#8211; 2007 Fu\u00dfball-Vereinsmeister &#8211; 2004 3. bei den Bezirksmeisterschaften in Saxen in der Kreisklasse &hellip; <\/p>\n<p><a class=\"more-link btn\" href=\"https:\/\/ttwaldhausen.bplaced.net\/wordpress\/?page_id=132\">Weiterlesen<\/a><\/p>\n","protected":false},"author":1,"featured_media":0,"parent":0,"menu_order":0,"comment_status":"open","ping_status":"open","template":"","meta":{"footnotes":""},"class_list":["post-132","page","type-page","status-publish","hentry","nodate","item-wrap"],"_links":{"self":[{"href":"https:\/\/ttwaldhausen.bplaced.net\/wordpress\/index.php?rest_route=\/wp\/v2\/pages\/132","targetHints":{"allow":["GET"]}}],"collection":[{"href":"https:\/\/ttwaldhausen.bplaced.net\/wordpress\/index.php?rest_route=\/wp\/v2\/pages"}],"about":[{"href":"https:\/\/ttwaldhausen.bplaced.net\/wordpress\/index.php?rest_route=\/wp\/v2\/types\/page"}],"author":[{"embeddable":true,"href":"https:\/\/ttwaldhausen.bplaced.net\/wordpress\/index.php?rest_route=\/wp\/v2\/users\/1"}],"replies":[{"embeddable":true,"href":"https:\/\/ttwaldhausen.bplaced.net\/wordpress\/index.php?rest_route=%2Fwp%2Fv2%2Fcomments&post=132"}],"version-history":[{"count":7,"href":"https:\/\/ttwaldhausen.bplaced.net\/wordpress\/index.php?rest_route=\/wp\/v2\/pages\/132\/revisions"}],"predecessor-version":[{"id":4050,"href":"https:\/\/ttwaldhausen.bplaced.net\/wordpress\/index.php?rest_route=\/wp\/v2\/pages\/132\/revisions\/4050"}],"wp:attachment":[{"href":"https:\/\/ttwaldhausen.bplaced.net\/wordpress\/index.php?rest_route=%2Fwp%2Fv2%2Fmedia&parent=132"}],"curies":[{"name":"wp","href":"https:\/\/api.w.org\/{rel}","templated":true}]}}